{"id":450,"date":"2021-01-29T13:08:58","date_gmt":"2021-01-29T12:08:58","guid":{"rendered":"http:\/\/kita-ramsenthal.de\/startseite\/?page_id=450"},"modified":"2021-01-29T13:08:59","modified_gmt":"2021-01-29T12:08:59","slug":"vorstandschaft","status":"publish","type":"page","link":"https:\/\/kita-ramsenthal.de\/startseite\/vorstandschaft\/","title":{"rendered":"Vorstandschaft"},"content":{"rendered":"\n<p class=\"has-large-font-size\"><strong>Vorstandschaft<\/strong><\/p>\n\n\n\n<p><br><\/p>\n\n\n\n<p>Seit der Gr\u00fcndung des Kindergartens durch eine Elterninitiative im Jahr 1975 wird die Kita Spielkreis Ramsenthal e.V. durch einen gemeinn\u00fctzigen Verein betrieben. Die Vorstandschaft ist zust\u00e4ndig f\u00fcr die rechtlichen, finanziellen aber auch politischen Angelegenheiten. Sie regelt die Zusammenarbeit mit der Kommune und dem Land, beantragt und verwaltet die Zusch\u00fcsse \u00fcber das Baykibig, f\u00e4llt Personalentscheidungen und Entscheidungen, die den Verein und seine Rolle in der Dorfgemeinschaft und \u00d6ffentlichkeit betreffen.In der j\u00e4hrlich stattfindenden Mitgliederversammlung wird turnusm\u00e4\u00dfig die siebenk\u00f6pfige Vorstandschaft durch die Vereinsmitglieder gew\u00e4hlt. Durch eine enge Zusammenarbeit zwischen der Leitung der Kita, dem Elternbeirat und der Vorstandschaft entsteht eine vertrauensvolle Zusammenarbeit innerhalb unserer Kindergartenfamilie.<\/p>\n","protected":false},"excerpt":{"rendered":"<p>Vorstandschaft Seit der Gr\u00fcndung des Kindergartens durch eine Elterninitiative im Jahr 1975 wird die Kita Spielkreis Ramsenthal e.V. durch einen gemeinn\u00fctzigen Verein betrieben. Die Vorstandschaft ist zust\u00e4ndig f\u00fcr die rechtlichen, finanziellen aber auch politischen Angelegenheiten. Sie regelt die Zusammenarbeit mit der Kommune und dem Land, beantragt und verwaltet die Zusch\u00fcsse [&hellip;]<\/p>\n","protected":false},"author":1,"featured_media":0,"parent":0,"menu_order":0,"comment_status":"closed","ping_status":"closed","template":"","meta":{"footnotes":""},"class_list":["post-450","page","type-page","status-publish","hentry"],"_links":{"self":[{"href":"https:\/\/kita-ramsenthal.de\/startseite\/wp-json\/wp\/v2\/pages\/450","targetHints":{"allow":["GET"]}}],"collection":[{"href":"https:\/\/kita-ramsenthal.de\/startseite\/wp-json\/wp\/v2\/pages"}],"about":[{"href":"https:\/\/kita-ramsenthal.de\/startseite\/wp-json\/wp\/v2\/types\/page"}],"author":[{"embeddable":true,"href":"https:\/\/kita-ramsenthal.de\/startseite\/wp-json\/wp\/v2\/users\/1"}],"replies":[{"embeddable":true,"href":"https:\/\/kita-ramsenthal.de\/startseite\/wp-json\/wp\/v2\/comments?post=450"}],"version-history":[{"count":10,"href":"https:\/\/kita-ramsenthal.de\/startseite\/wp-json\/wp\/v2\/pages\/450\/revisions"}],"predecessor-version":[{"id":812,"href":"https:\/\/kita-ramsenthal.de\/startseite\/wp-json\/wp\/v2\/pages\/450\/revisions\/812"}],"wp:attachment":[{"href":"https:\/\/kita-ramsenthal.de\/startseite\/wp-json\/wp\/v2\/media?parent=450"}],"curies":[{"name":"wp","href":"https:\/\/api.w.org\/{rel}","templated":true}]}}